{"id":51353,"date":"2021-12-28T14:40:13","date_gmt":"2021-12-28T13:40:13","guid":{"rendered":"https:\/\/desarrollo.pedrogomezmadrid.com\/compra-a-plazos\/"},"modified":"2023-03-03T20:41:46","modified_gmt":"2023-03-03T19:41:46","slug":"installment-purchase","status":"publish","type":"page","link":"https:\/\/desarrollo.pedrogomezmadrid.com\/en\/installment-purchase\/","title":{"rendered":"Installment Purchase"},"content":{"rendered":"<div class=\"wpb-content-wrapper\"><p>[vc_row][vc_column][vc_column_text]<\/p>\n<h4>Buy in installments at Pedro G\u00f3mez<\/h4>\n<p>At Pedro G\u00f3mez Madrid we offer you the option of buying your products in convenient installments thanks to our partner Apl\u00e1zame. If you don&#8217;t want to pay for your purchase in full at the time of purchase, or you prefer to pay for your products month by month, at Pedro G\u00f3mez we offer you this possibility as long as your purchase is over 120\u20ac.<\/p>\n<p>&nbsp;<\/p>\n<h4>Do you want to simulate the installments of your purchase?<\/h4>\n<p>We put at your disposal a real simulator of the amounts of the installments depending on the number of installments you choose, this way you will know before paying how much you have to pay month by month for your Pedro G\u00f3mez products. And how can you do it? It is very simple. Both in the products whose value is over 120 \u00a4 and in the shopping cart page, the simulator will appear next to the amount. Choose the installment you want and the amount to be paid will automatically appear.<\/p>\n<p>&nbsp;<\/p>\n<h4>How do I select the installment payment option?<\/h4>\n<p>Once you have completed the cart and you have included your purchase and shipping information, in the payment method selection section you have the option &#8220;Payment in installments with Apl\u00e1zame&#8221;. Choose that option and fill in the information requested by the financial institution and that&#8217;s it, you will have completed the purchase in Pedro G\u00f3mez with the automation of your payments in the selected installments. Then you will receive an email from us with the invoice of your purchase.[\/vc_column_text][\/vc_column][\/vc_row]<\/p>\n<\/div>","protected":false},"excerpt":{"rendered":"<p>[vc_row][vc_column][vc_column_text] Buy in installments at Pedro G\u00f3mez At Pedro G\u00f3mez Madrid we offer you the option of buying your products in convenient installments thanks to our partner Apl\u00e1zame. If you&hellip;<\/p>\n","protected":false},"author":8,"featured_media":0,"parent":0,"menu_order":0,"comment_status":"closed","ping_status":"closed","template":"","meta":{"footnotes":""},"class_list":["post-51353","page","type-page","status-publish","hentry"],"yoast_head":"<!-- This site is optimized with the Yoast SEO plugin v24.0 - https:\/\/yoast.com\/wordpress\/plugins\/seo\/ -->\n<title>Installment Purchase - Pedro G\u00f3mez Madrid<\/title>\n<meta name=\"robots\" content=\"noindex, follow, max-snippet:-1, max-image-preview:large, max-video-preview:-1\" \/>\n<meta property=\"og:locale\" content=\"en_US\" \/>\n<meta property=\"og:type\" content=\"article\" \/>\n<meta property=\"og:title\" content=\"Installment Purchase - Pedro G\u00f3mez Madrid\" \/>\n<meta property=\"og:description\" content=\"[vc_row][vc_column][vc_column_text] Buy in installments at Pedro G\u00f3mez At Pedro G\u00f3mez Madrid we offer you the option of buying your products in convenient installments thanks to our partner Apl\u00e1zame. If you&hellip;\" \/>\n<meta property=\"og:url\" content=\"https:\/\/desarrollo.pedrogomezmadrid.com\/en\/installment-purchase\/\" \/>\n<meta property=\"og:site_name\" content=\"Pedro G\u00f3mez Madrid\" \/>\n<meta property=\"article:modified_time\" content=\"2023-03-03T19:41:46+00:00\" \/>\n<meta name=\"twitter:card\" content=\"summary_large_image\" \/>\n<meta name=\"twitter:label1\" content=\"Est. reading time\" \/>\n\t<meta name=\"twitter:data1\" content=\"2 minutes\" \/>\n<script type=\"application\/ld+json\" class=\"yoast-schema-graph\">{\"@context\":\"https:\/\/schema.org\",\"@graph\":[{\"@type\":\"WebPage\",\"@id\":\"https:\/\/desarrollo.pedrogomezmadrid.com\/en\/installment-purchase\/\",\"url\":\"https:\/\/desarrollo.pedrogomezmadrid.com\/en\/installment-purchase\/\",\"name\":\"Installment Purchase - Pedro G\u00f3mez Madrid\",\"isPartOf\":{\"@id\":\"https:\/\/desarrollo.pedrogomezmadrid.com\/#website\"},\"datePublished\":\"2021-12-28T13:40:13+00:00\",\"dateModified\":\"2023-03-03T19:41:46+00:00\",\"breadcrumb\":{\"@id\":\"https:\/\/desarrollo.pedrogomezmadrid.com\/en\/installment-purchase\/#breadcrumb\"},\"inLanguage\":\"en-US\",\"potentialAction\":[{\"@type\":\"ReadAction\",\"target\":[\"https:\/\/desarrollo.pedrogomezmadrid.com\/en\/installment-purchase\/\"]}]},{\"@type\":\"BreadcrumbList\",\"@id\":\"https:\/\/desarrollo.pedrogomezmadrid.com\/en\/installment-purchase\/#breadcrumb\",\"itemListElement\":[{\"@type\":\"ListItem\",\"position\":1,\"name\":\"Portada\",\"item\":\"https:\/\/desarrollo.pedrogomezmadrid.com\/en\/\"},{\"@type\":\"ListItem\",\"position\":2,\"name\":\"Installment Purchase\"}]},{\"@type\":\"WebSite\",\"@id\":\"https:\/\/desarrollo.pedrogomezmadrid.com\/#website\",\"url\":\"https:\/\/desarrollo.pedrogomezmadrid.com\/\",\"name\":\"Pedro G\u00f3mez Madrid\",\"description\":\"Vuelve la leyenda de los mejores plum\u00edferos del mundo\",\"potentialAction\":[{\"@type\":\"SearchAction\",\"target\":{\"@type\":\"EntryPoint\",\"urlTemplate\":\"https:\/\/desarrollo.pedrogomezmadrid.com\/?s={search_term_string}\"},\"query-input\":{\"@type\":\"PropertyValueSpecification\",\"valueRequired\":true,\"valueName\":\"search_term_string\"}}],\"inLanguage\":\"en-US\"}]}<\/script>\n<!-- \/ Yoast SEO plugin. -->","yoast_head_json":{"title":"Installment Purchase - Pedro G\u00f3mez Madrid","robots":{"index":"noindex","follow":"follow","max-snippet":"max-snippet:-1","max-image-preview":"max-image-preview:large","max-video-preview":"max-video-preview:-1"},"og_locale":"en_US","og_type":"article","og_title":"Installment Purchase - Pedro G\u00f3mez Madrid","og_description":"[vc_row][vc_column][vc_column_text] Buy in installments at Pedro G\u00f3mez At Pedro G\u00f3mez Madrid we offer you the option of buying your products in convenient installments thanks to our partner Apl\u00e1zame. If you&hellip;","og_url":"https:\/\/desarrollo.pedrogomezmadrid.com\/en\/installment-purchase\/","og_site_name":"Pedro G\u00f3mez Madrid","article_modified_time":"2023-03-03T19:41:46+00:00","twitter_card":"summary_large_image","twitter_misc":{"Est. reading time":"2 minutes"},"schema":{"@context":"https:\/\/schema.org","@graph":[{"@type":"WebPage","@id":"https:\/\/desarrollo.pedrogomezmadrid.com\/en\/installment-purchase\/","url":"https:\/\/desarrollo.pedrogomezmadrid.com\/en\/installment-purchase\/","name":"Installment Purchase - Pedro G\u00f3mez Madrid","isPartOf":{"@id":"https:\/\/desarrollo.pedrogomezmadrid.com\/#website"},"datePublished":"2021-12-28T13:40:13+00:00","dateModified":"2023-03-03T19:41:46+00:00","breadcrumb":{"@id":"https:\/\/desarrollo.pedrogomezmadrid.com\/en\/installment-purchase\/#breadcrumb"},"inLanguage":"en-US","potentialAction":[{"@type":"ReadAction","target":["https:\/\/desarrollo.pedrogomezmadrid.com\/en\/installment-purchase\/"]}]},{"@type":"BreadcrumbList","@id":"https:\/\/desarrollo.pedrogomezmadrid.com\/en\/installment-purchase\/#breadcrumb","itemListElement":[{"@type":"ListItem","position":1,"name":"Portada","item":"https:\/\/desarrollo.pedrogomezmadrid.com\/en\/"},{"@type":"ListItem","position":2,"name":"Installment Purchase"}]},{"@type":"WebSite","@id":"https:\/\/desarrollo.pedrogomezmadrid.com\/#website","url":"https:\/\/desarrollo.pedrogomezmadrid.com\/","name":"Pedro G\u00f3mez Madrid","description":"Vuelve la leyenda de los mejores plum\u00edferos del mundo","potentialAction":[{"@type":"SearchAction","target":{"@type":"EntryPoint","urlTemplate":"https:\/\/desarrollo.pedrogomezmadrid.com\/?s={search_term_string}"},"query-input":{"@type":"PropertyValueSpecification","valueRequired":true,"valueName":"search_term_string"}}],"inLanguage":"en-US"}]}},"_links":{"self":[{"href":"https:\/\/desarrollo.pedrogomezmadrid.com\/en\/wp-json\/wp\/v2\/pages\/51353","targetHints":{"allow":["GET"]}}],"collection":[{"href":"https:\/\/desarrollo.pedrogomezmadrid.com\/en\/wp-json\/wp\/v2\/pages"}],"about":[{"href":"https:\/\/desarrollo.pedrogomezmadrid.com\/en\/wp-json\/wp\/v2\/types\/page"}],"author":[{"embeddable":true,"href":"https:\/\/desarrollo.pedrogomezmadrid.com\/en\/wp-json\/wp\/v2\/users\/8"}],"replies":[{"embeddable":true,"href":"https:\/\/desarrollo.pedrogomezmadrid.com\/en\/wp-json\/wp\/v2\/comments?post=51353"}],"version-history":[{"count":2,"href":"https:\/\/desarrollo.pedrogomezmadrid.com\/en\/wp-json\/wp\/v2\/pages\/51353\/revisions"}],"predecessor-version":[{"id":51355,"href":"https:\/\/desarrollo.pedrogomezmadrid.com\/en\/wp-json\/wp\/v2\/pages\/51353\/revisions\/51355"}],"wp:attachment":[{"href":"https:\/\/desarrollo.pedrogomezmadrid.com\/en\/wp-json\/wp\/v2\/media?parent=51353"}],"curies":[{"name":"wp","href":"https:\/\/api.w.org\/{rel}","templated":true}]}}